{"id":2130,"date":"2024-01-14T10:35:53","date_gmt":"2024-01-14T10:35:53","guid":{"rendered":"https:\/\/camilasad.zardabi.az\/?page_id=2130"},"modified":"2024-01-14T13:39:33","modified_gmt":"2024-01-14T13:39:33","slug":"deyishen-bilik","status":"publish","type":"page","link":"https:\/\/camilasad.zardabi.az\/index.php\/deyishen-bilik\/","title":{"rendered":"\u201cBe\u015fikd\u0259n q\u0259bir evin\u0259d\u0259k \u00f6yr\u0259n!\u201d"},"content":{"rendered":"\t\t<div data-elementor-type=\"wp-page\" data-elementor-id=\"2130\" class=\"elementor elementor-2130\">\n\t\t\t\t\t\t\t\t\t<section class=\"elementor-section elementor-top-section elementor-element elementor-element-aca86ce elementor-section-boxed elementor-section-height-default elementor-section-height-default\" data-id=\"aca86ce\" data-element_type=\"section\">\n\t\t\t\t\t\t<div class=\"elementor-container elementor-column-gap-default\">\n\t\t\t\t\t<div class=\"elementor-column elementor-col-100 elementor-top-column elementor-element elementor-element-2bd1e4bc\" data-id=\"2bd1e4bc\" data-element_type=\"column\">\n\t\t\t<div class=\"elementor-widget-wrap\">\n\t\t\t\t\t\t\t\t\t<\/div>\n\t\t<\/div>\n\t\t\t\t\t\t\t<\/div>\n\t\t<\/section>\n\t\t\t\t<section class=\"elementor-section elementor-top-section elementor-element elementor-element-2270b1e elementor-section-boxed elementor-section-height-default elementor-section-height-default\" data-id=\"2270b1e\" data-element_type=\"section\">\n\t\t\t\t\t\t<div class=\"elementor-container elementor-column-gap-default\">\n\t\t\t\t\t<div class=\"elementor-column elementor-col-100 elementor-top-column elementor-element elementor-element-85499a8\" data-id=\"85499a8\" data-element_type=\"column\">\n\t\t\t<div class=\"elementor-widget-wrap elementor-element-populated\">\n\t\t\t\t\t\t\t\t<div class=\"elementor-element elementor-element-6facad9 elementor-widget__width-initial elementor-widget elementor-widget-text-editor\" data-id=\"6facad9\" data-element_type=\"widget\" data-widget_type=\"text-editor.default\">\n\t\t\t\t<div class=\"elementor-widget-container\">\n\t\t\t<style>\/*! elementor - v3.18.0 - 20-12-2023 *\/\n.elementor-widget-text-editor.elementor-drop-cap-view-stacked .elementor-drop-cap{background-color:#69727d;color:#fff}.elementor-widget-text-editor.elementor-drop-cap-view-framed .elementor-drop-cap{color:#69727d;border:3px solid;background-color:transparent}.elementor-widget-text-editor:not(.elementor-drop-cap-view-default) .elementor-drop-cap{margin-top:8px}.elementor-widget-text-editor:not(.elementor-drop-cap-view-default) .elementor-drop-cap-letter{width:1em;height:1em}.elementor-widget-text-editor .elementor-drop-cap{float:left;text-align:center;line-height:1;font-size:50px}.elementor-widget-text-editor .elementor-drop-cap-letter{display:inline-block}<\/style>\t\t\t\t<!-- wp:paragraph -->\n<h4><strong>D\u0259yi\u015f\u0259n bilikl\u0259r yaxud \u201cBe\u015fikd\u0259n q\u0259bir evin\u0259d\u0259k \u00f6yr\u0259n!\u201d<\/strong><\/h4>\n<p><span style=\"color: #000000;\">Dey\u0259s\u0259n Aristotelin s\u00f6zl\u0259ridir: \u201c\u0130nsan, d\u00fc\u015f\u00fcn\u0259n heyvand\u0131r.\u201d\u00a0 Ya\u015famaq \u00fc\u00e7\u00fcn insan\u0131n \u00f6z\u00fcn\u0259, d\u00fc\u015f\u00fcnm\u0259k \u00fc\u00e7\u00fcn is\u0259 onun a\u011fl\u0131na qida laz\u0131m\u0131d\u0131r. \u0130nsan a\u011fl\u0131 insan\u0131n \u00f6z\u00fc kimi acg\u00f6zd\u00fcr, amma qidalar\u0131 f\u0259rqlidir. A\u011f\u0131l \u00fc\u00e7\u00fcn \u0259n yax\u015f\u0131 qida bilikdir, h\u0259m d\u0259 ist\u0259nil\u0259n bilik. Amma daha laz\u0131ml\u0131 bilikl\u0259r\u0259 \u00fcst\u00fcnl\u00fck verils\u0259\u00a0 daha yax\u015f\u0131 olar. T\u0259\u0259ss\u00fcf ki, \u0259traf\u0131m\u0131z l\u00fczumsuz\u00a0 informasiya il\u0259, bilikl\u0259 doludur. Bilik bollu\u011funda yaln\u0131z biz\u0259 laz\u0131m olana diqq\u0259timizi y\u00f6n\u0259ld\u0259 bils\u0259k, h\u0259m d\u0259 bu y\u00f6n\u0259ltm\u0259 q\u0131sa m\u00fcdd\u0259tli deyil, \u00f6m\u00fcr boyu olsa, yeni tendensiyan\u0131n axar\u0131na d\u00fc\u015fm\u00fc\u015f oluruq. \u201c\u00d6m\u00fcr boyu t\u0259hsil\u201d\u00a0 (Life-long Learning yaxud 3L) adlanan bu tendensiya Avropa v\u0259 Amerikada \u00e7ox d\u0259bd\u0259dir, biz d\u0259 d\u0259bd\u0259n geri qalmayan insanlar kimi art\u0131q bu ifad\u0259d\u0259n tez-tez istifad\u0259 edirik.<\/span><\/p>\n<p><span style=\"color: #000000;\">\u201c\u00d6m\u00fcr boyu t\u0259hsil anlay\u0131\u015f\u0131\u201d 20 \u0259sird\u0259 meydana \u00e7\u0131x\u0131b, ilk d\u0259f\u0259 1968-ci ild\u0259 YUNESKO-nun materiallar\u0131nda istifad\u0259 edilib. 1970-ci ill\u0259rin ortalar\u0131ndan ba\u015flayaraq \u00f6m\u00fcr boyu t\u0259hsil bir \u00e7ox \u00f6lk\u0259l\u0259rd\u0259 geni\u015f d\u0259st\u0259k tap\u0131r, t\u0259hsil islahatlar\u0131n\u0131n \u0259sas\u0131n\u0131 t\u0259\u015fkil edir.<\/span><\/p>\n<blockquote class=\"wp-block-quote\">\n<p>\u018fslind\u0259 \u201c\u00f6m\u00fcr boyu t\u0259hsil\u201d (Life-long Learning) anlay\u0131\u015f\u0131n\u0131n k\u00f6kl\u0259ri daha q\u0259diml\u0259r\u0259 gedir. \u0130slam pey\u011f\u0259mb\u0259rinin \u201cBe\u015fikd\u0259n q\u0259bir evin\u0259d\u0259k \u00f6yr\u0259n!\u201d s\u00f6zl\u0259rini yada salmaq kifay\u0259tdir. Haz\u0131rda bu deyim daha aktuald\u0131r.<\/p>\n<\/blockquote>\n<!-- \/wp:quote --><!-- wp:paragraph -->\n<p><span style=\"color: #000000;\">\u0130st\u0259nil\u0259n praktik insan n\u0259yis\u0259 \u0259ld\u0259 etm\u0259k \u00fc\u00e7\u00fcn\u00a0 m\u00fc\u0259yy\u0259n add\u0131mlar atma\u011f\u0131n vacibliyini anlay\u0131r, h\u0259m d\u0259 o, bu add\u0131mlar\u0131 \u2013 oxuma\u011f\u0131, i\u015fl\u0259m\u0259yi v\u0259 \u00fcmumiyy\u0259tl\u0259 ya\u015fama\u011f\u0131 \u2013 daxild\u0259n g\u0259l\u0259n bir ist\u0259kl\u0259, h\u0259v\u0259sl\u0259 atmaq ist\u0259yir. At\u0131lan bu add\u0131mlar insan\u0131n \u015f\u0259xsi inki\u015faf\u0131 \u00fc\u00e7\u00fcn vacibdir. S\u00fcr\u0259tl\u0259 d\u0259yi\u015f\u0259n d\u00fcnyada bir d\u0259f\u0259 t\u0259hsil al\u0131b, n\u0259yis\u0259 n\u0259 vaxtsa oxumaqla inki\u015fafa nail olmaq \u00e7\u0259tinl\u0259\u015fir. D\u00fcnyan\u0131n d\u0259yi\u015fim tempi insandan bilikl\u0259ri\u00a0 yenil\u0259m\u0259yi t\u0259l\u0259b edir. \u201cBe\u015fikd\u0259n q\u0259bir evin\u0259d\u0259k \u00f6yr\u0259n!\u201d m\u0259hz buna g\u00f6r\u0259 daha akruald\u0131r.<\/span><\/p>\n<!-- \/wp:paragraph -->\t\t\t\t\t\t<\/div>\n\t\t\t\t<\/div>\n\t\t\t\t\t<\/div>\n\t\t<\/div>\n\t\t\t\t\t\t\t<\/div>\n\t\t<\/section>\n\t\t\t\t<section class=\"elementor-section elementor-top-section elementor-element elementor-element-c599142 elementor-section-boxed elementor-section-height-default elementor-section-height-default\" data-id=\"c599142\" data-element_type=\"section\">\n\t\t\t\t\t\t<div class=\"elementor-container elementor-column-gap-default\">\n\t\t\t\t\t<div class=\"elementor-column elementor-col-100 elementor-top-column elementor-element elementor-element-db075b5\" data-id=\"db075b5\" data-element_type=\"column\">\n\t\t\t<div class=\"elementor-widget-wrap elementor-element-populated\">\n\t\t\t\t\t\t\t\t<div class=\"elementor-element elementor-element-bc7f476 elementor-widget elementor-widget-image\" data-id=\"bc7f476\" data-element_type=\"widget\" data-widget_type=\"image.default\">\n\t\t\t\t<div class=\"elementor-widget-container\">\n\t\t\t<style>\/*! elementor - v3.18.0 - 20-12-2023 *\/\n.elementor-widget-image{text-align:center}.elementor-widget-image a{display:inline-block}.elementor-widget-image a img[src$=\".svg\"]{width:48px}.elementor-widget-image img{vertical-align:middle;display:inline-block}<\/style>\t\t\t\t\t\t\t\t\t\t\t\t<img fetchpriority=\"high\" width=\"604\" height=\"380\" src=\"https:\/\/camilasad.zardabi.az\/wp-content\/uploads\/2024\/01\/deyishen_dunya.jpg\" class=\"attachment-medium_large size-medium_large wp-image-2184\" alt=\"\u0130KT, d\u0259yi\u015f\u0259n d\u00fcnya v\u0259 biz -C\u0259mil \u018fs\u0259dov\" srcset=\"https:\/\/camilasad.zardabi.az\/wp-content\/uploads\/2024\/01\/deyishen_dunya.jpg 735w, https:\/\/camilasad.zardabi.az\/wp-content\/uploads\/2024\/01\/deyishen_dunya-300x189.jpg 300w\" sizes=\"(max-width: 604px) 100vw, 604px\" \/>\t\t\t\t\t\t\t\t\t\t\t\t\t\t\t<\/div>\n\t\t\t\t<\/div>\n\t\t\t\t\t<\/div>\n\t\t<\/div>\n\t\t\t\t\t\t\t<\/div>\n\t\t<\/section>\n\t\t\t\t<section class=\"elementor-section elementor-top-section elementor-element elementor-element-277ff13 elementor-section-boxed elementor-section-height-default elementor-section-height-default\" data-id=\"277ff13\" data-element_type=\"section\">\n\t\t\t\t\t\t<div class=\"elementor-container elementor-column-gap-default\">\n\t\t\t\t\t<div class=\"elementor-column elementor-col-100 elementor-top-column elementor-element elementor-element-0266ec8\" data-id=\"0266ec8\" data-element_type=\"column\">\n\t\t\t<div class=\"elementor-widget-wrap elementor-element-populated\">\n\t\t\t\t\t\t\t\t<div class=\"elementor-element elementor-element-2377260 elementor-widget__width-initial elementor-widget elementor-widget-text-editor\" data-id=\"2377260\" data-element_type=\"widget\" data-widget_type=\"text-editor.default\">\n\t\t\t\t<div class=\"elementor-widget-container\">\n\t\t\t\t\t\t\t<!-- wp:paragraph -->\n<h4>30 ild\u0259n sonra<\/h4>\n<p><span style=\"color: #000000;\">\u201cHomo Sapiens\u201d v\u0259 \u201cHomo Deus\u201d kitablar\u0131n\u0131n m\u00fc\u0259llifi, israilli professor, tarix\u00e7i alim Yuval Noy Harari T\u00fcrkiy\u0259 m\u0259tbuat\u0131na m\u00fcsahib\u0259sind\u0259 bel\u0259 m\u0259qama diqq\u0259t y\u00f6n\u0259ldir:\u00a0<br \/><\/span><\/p>\n<!-- \/wp:paragraph --><!-- wp:quote -->\n<blockquote class=\"wp-block-quote\">\n<p>Tarix boyunca ilk d\u0259f\u0259 bundan 30 il sonra i\u015f bazar\u0131n\u0131n nec\u0259 olaca\u011f\u0131n\u0131, u\u015faqlara pe\u015f\u0259 il\u0259 ba\u011fl\u0131 n\u0259 dey\u0259c\u0259yimizi bilmirik. Kimisi u\u015faqlara kodla\u015fd\u0131rma t\u0259hsili verm\u0259yimizi t\u00f6vsiy\u0259 edir. Amma b\u0259lk\u0259 d\u0259, 30 ild\u0259n sonra s\u00fcni intellekt insanlardan daha yax\u015f\u0131 proqramlar yazacaq.<br \/>\u0130ndi u\u015faqlar\u0131m\u0131za ver\u0259 bil\u0259c\u0259yimiz \u0259n yax\u015f\u0131 m\u0259sl\u0259h\u0259t h\u0259yatlar\u0131 boyunca \u00f6zl\u0259rini yenil\u0259m\u0259k bacar\u0131\u011f\u0131d\u0131r. Daim, yenid\u0259n v\u0259 yenid\u0259n \u00f6z\u00fcn\u00fcz\u00fc yenil\u0259m\u0259niz t\u0259l\u0259b olunacaq. Bunun \u00fc\u00e7\u00fcn d\u0259 elastik bir beyin\u0259 sahib olmaq laz\u0131md\u0131r.<\/p>\n<\/blockquote>\n<!-- \/wp:quote --><!-- wp:paragraph -->\n<p><span style=\"color: #000000;\">\u00dcmumil\u0259\u015fdirs\u0259k, s\u00fcr\u0259tl\u0259 d\u0259yi\u015f\u0259n d\u00fcnyada insan, yaln\u0131z bilik\u0131\u0259rini deyil, \u00f6z\u00fcn\u00fc, v\u0259rdi\u015f v\u0259 bacar\u0131qlar\u0131n\u0131, beynini yenil\u0259m\u0259yi \u00f6yr\u0259nm\u0259lidir. \u201cBe\u015fikd\u0259n q\u0259bir evin\u0259d\u0259k \u00f6yr\u0259n!\u201d m\u0259hz buna g\u00f6r\u0259 aktuald\u0131r.<\/span><br \/><span style=\"color: #000000;\">Bu g\u00fcn b\u00fct\u00fcn d\u00fcnyada yeni n\u0259sil yeti\u015fir. Bu n\u0259slin d\u00fcnyaya bax\u0131\u015f t\u0259rzi, ya\u015fam t\u0259rzi, intellektual s\u0259viyy\u0259si internet\u0259 q\u0259d\u0259rki d\u00f6vr\u00fcn canl\u0131 \u015fahidl\u0259rind\u0259n tamamil\u0259 f\u0259rql\u0259nir. \u0130nternet d\u00f6vr\u00fcn\u00fcn insan\u0131n\u0131n\u00a0 t\u0259hsil\u0259 m\u00fcnasib\u0259ti v\u0259 \u00f6z\u00fcn\u00fc realiz\u0259 \u00fcsullar\u0131 da f\u0259rqlidir. Bu is\u0259 t\u0259hsil sistemind\u0259 k\u00f6kl\u00fc d\u0259yi\u015fiklikl\u0259ri v\u0259 yeni yana\u015fmalari \u015f\u0259rtl\u0259ndirir. D\u00f6vr insandan \u0259l \u00e7atan olan b\u00f6y\u00fck h\u0259cmli informasiya seli il\u0259 i\u015fl\u0259m\u0259k, se\u00e7m\u0259k v\u0259rdi\u015fl\u0259rini, t\u0259nqidi d\u00fc\u015f\u00fcnc\u0259nin inki\u015faf\u0131n\u0131 t\u0259l\u0259b edir. \u0130nformasiya v\u0259 texnoloji m\u00fchitin s\u00fcr\u0259tli d\u0259yi\u015fm\u0259si\u00a0 \u201cBe\u015fikd\u0259n q\u0259bir evin\u0259d\u0259k \u00f6yr\u0259n!\u201d \u00e7a\u011fr\u0131\u015f\u0131n\u0131 daha da aktual edir.<\/span><br \/><span style=\"color: #000000;\">\u201cBe\u015fikd\u0259n q\u0259bir evin\u0259d\u0259k \u00f6yr\u0259n!\u201d yaxud \u00f6m\u00fcr boyu t\u0259hsil son n\u0259tic\u0259d\u0259 insan\u0131n maarifl\u0259nm\u0259si, daha y\u00fcks\u0259k s\u0259viyy\u0259y\u0259 qalxmas\u0131, yenil\u0259nm\u0259sidir. Bu yenil\u0259nm\u0259 yeni resurslar, yeni imkanlar, yeni irad\u0259 v\u0259 yeni g\u00fcc dem\u0259kdir. Bu yenil\u0259nm\u0259 prosesinin i\u015ftirak\u00e7\u0131s\u0131 t\u0259k bir \u0130NSAN deyil, c\u0259miyy\u0259tin b\u00fct\u00fcn oyun\u00e7ular\u0131, onun ail\u0259si, t\u0259hsil ocaqlar\u0131, i\u015f ver\u0259nl\u0259r, h\u0259mkarlar t\u0259\u015fkilatlar\u0131d\u0131r.<\/span><\/p>\n<h4>A\u011f\u0131ll\u0131 insandan \u00f6yr\u0259n\u0259n insana<\/h4>\n<p><span style=\"color: #000000;\">Bel\u0259likl\u0259, h\u0259yat A\u011eILLI \u0130NSANIN \u00d6YR\u018fN\u018fN \u0130NSANA transformasiyas\u0131n\u0131 t\u0259l\u0259b edir. T\u0259hsil sah\u0259sind\u0259 avtoritet hesab edil\u0259n amerikal\u0131 alim B. Dreyvs bu haqda bel\u0259 yaz\u0131r:<br \/><\/span><span style=\"color: #000000;\">Sapiens\u201d v\u0259 \u201cHomo Deus\u201d kitablar\u0131n\u0131n m\u00fc\u0259llifi, israilli professor, tarix\u00e7i alim Yuval Noy Harari T\u00fcrkiy\u0259 m\u0259tbuat\u0131na m\u00fcsahib\u0259sind\u0259 bel\u0259 m\u0259qama diqq\u0259t y\u00f6n\u0259ldir:\u00a0<\/span><\/p>\n<blockquote class=\"wp-block-quote\">\n<p>\u201c\u2026 \u00f6t\u0259n \u0259srin 30 \u2013cu ill\u0259rind\u0259 ya\u015fayan amerikal\u0131 m\u00fcasir amerikal\u0131n\u0131n g\u00fcn\u00fcn bir ne\u00e7\u0259 saat\u0131n\u0131 avtomobil arxas\u0131nda ke\u00e7ir\u0259c\u0259yini fikirl\u0259\u015f\u0259 bilm\u0259zdir. Eynil\u0259 indi t\u0259s\u0259vv\u00fcr etm\u0259k olmur ki, bir-ne\u00e7\u0259 ild\u0259n sonra biz h\u0259r g\u00fcn bir-ne\u00e7\u0259 saat \u00f6yr\u0259nm\u0259y\u0259 m\u0259hkum olaca\u011f\u0131q.\u201d<\/p>\n<\/blockquote>\n<p><!-- \/wp:quote --><!-- wp:paragraph --><\/p>\n<p>B\u0259s bu \u00f6yr\u0259nm\u0259 prosesi nec\u0259 ba\u015f ver\u0259c\u0259k, n\u0259l\u0259rd\u0259n istifad\u0259 ed\u0259c\u0259yik? M\u00fct\u0259x\u0259ssisl\u0259rin yekdil r\u0259yin\u0259 g\u00f6r\u0259 informasiya texnologiyalar\u0131, o c\u00fcml\u0259d\u0259n \u0130nternet, insanlar\u0131n, \u00f6yr\u0259n\u0259nl\u0259rin \u00f6m\u00fcr boyu t\u0259hsil yolunda \u0259n yax\u015f\u0131 k\u00f6m\u0259k\u00e7idir. M\u0259hz \u0130KT-d\u0259n istifad\u0259 etm\u0259kl\u0259 ist\u0259nil\u0259n sah\u0259d\u0259 \u00e7al\u0131\u015fan insan \u00f6z s\u0259ri\u015ft\u0259l\u0259rini yenil\u0259y\u0259r\u0259k r\u0259qab\u0259t\u0259 davaml\u0131 m\u00fct\u0259x\u0259ssis kimi ayaqda qala bil\u0259r.<br \/>Amma ilk n\u00f6vb\u0259d\u0259 \u0130KT \u00fczr\u0259 bilikl\u0259r\u0259 malik olmaq, daima bu bilikl\u0259ri yenil\u0259m\u0259k laz\u0131md\u0131r v\u0259 vacibdir. Bu yolda k\u00f6m\u0259k laz\u0131m olsa, \u018fLAQ\u018f saxlay\u0131n.<br \/>\u201cBe\u015fikd\u0259n q\u0259bir evin\u0259d\u0259k \u00f6yr\u0259nin!\u201d, birlikd\u0259 \u00f6yr\u0259n\u0259k, birlikd\u0259 yenil\u0259n\u0259k, s\u00fcr\u0259tl\u0259 d\u0259yi\u015f\u0259n d\u00fcnyada bilik v\u0259 bacar\u0131\u011f\u0131m\u0131z\u0131 birg\u0259 yenil\u0259y\u0259k!<\/p>\n<!-- \/wp:paragraph -->\t\t\t\t\t\t<\/div>\n\t\t\t\t<\/div>\n\t\t\t\t\t<\/div>\n\t\t<\/div>\n\t\t\t\t\t\t\t<\/div>\n\t\t<\/section>\n\t\t\t\t\t\t\t<\/div>\n\t\t","protected":false},"excerpt":{"rendered":"<p>D\u0259yi\u015f\u0259n bilikl\u0259r yaxud \u201cBe\u015fikd\u0259n q\u0259bir evin\u0259d\u0259k \u00f6yr\u0259n!\u201d Dey\u0259s\u0259n Aristotelin s\u00f6zl\u0259ridir: \u201c\u0130nsan, d\u00fc\u015f\u00fcn\u0259n heyvand\u0131r.\u201d\u00a0 Ya\u015famaq \u00fc\u00e7\u00fcn insan\u0131n \u00f6z\u00fcn\u0259, d\u00fc\u015f\u00fcnm\u0259k \u00fc\u00e7\u00fcn is\u0259 onun a\u011fl\u0131na qida laz\u0131m\u0131d\u0131r. \u0130nsan a\u011fl\u0131 insan\u0131n \u00f6z\u00fc kimi acg\u00f6zd\u00fcr, amma qidalar\u0131<a class=\"moretag\" href=\"https:\/\/camilasad.zardabi.az\/index.php\/deyishen-bilik\/\">Read More&#8230;<\/a><\/p>\n","protected":false},"author":1,"featured_media":0,"parent":0,"menu_order":0,"comment_status":"closed","ping_status":"closed","template":"","meta":{"om_disable_all_campaigns":false,"_monsterinsights_skip_tracking":false,"_monsterinsights_sitenote_active":false,"_monsterinsights_sitenote_note":"","_monsterinsights_sitenote_category":0},"aioseo_notices":[],"_links":{"self":[{"href":"https:\/\/camilasad.zardabi.az\/index.php\/wp-json\/wp\/v2\/pages\/2130"}],"collection":[{"href":"https:\/\/camilasad.zardabi.az\/index.php\/wp-json\/wp\/v2\/pages"}],"about":[{"href":"https:\/\/camilasad.zardabi.az\/index.php\/wp-json\/wp\/v2\/types\/page"}],"author":[{"embeddable":true,"href":"https:\/\/camilasad.zardabi.az\/index.php\/wp-json\/wp\/v2\/users\/1"}],"replies":[{"embeddable":true,"href":"https:\/\/camilasad.zardabi.az\/index.php\/wp-json\/wp\/v2\/comments?post=2130"}],"version-history":[{"count":14,"href":"https:\/\/camilasad.zardabi.az\/index.php\/wp-json\/wp\/v2\/pages\/2130\/revisions"}],"predecessor-version":[{"id":2191,"href":"https:\/\/camilasad.zardabi.az\/index.php\/wp-json\/wp\/v2\/pages\/2130\/revisions\/2191"}],"wp:attachment":[{"href":"https:\/\/camilasad.zardabi.az\/index.php\/wp-json\/wp\/v2\/media?parent=2130"}],"curies":[{"name":"wp","href":"https:\/\/api.w.org\/{rel}","templated":true}]}}