{"id":2128,"date":"2024-01-13T19:07:57","date_gmt":"2024-01-13T19:07:57","guid":{"rendered":"https:\/\/camilasad.zardabi.az\/?page_id=2128"},"modified":"2024-01-14T13:50:42","modified_gmt":"2024-01-14T13:50:42","slug":"insan","status":"publish","type":"page","link":"https:\/\/camilasad.zardabi.az\/index.php\/insan\/","title":{"rendered":"D\u0259yi\u015f\u0259n insan"},"content":{"rendered":"\t\t<div data-elementor-type=\"wp-page\" data-elementor-id=\"2128\" class=\"elementor elementor-2128\">\n\t\t\t\t\t\t\t\t\t<section class=\"elementor-section elementor-top-section elementor-element elementor-element-7553c59d elementor-section-boxed elementor-section-height-default elementor-section-height-default\" data-id=\"7553c59d\" data-element_type=\"section\">\n\t\t\t\t\t\t<div class=\"elementor-container elementor-column-gap-default\">\n\t\t\t\t\t<div class=\"elementor-column elementor-col-100 elementor-top-column elementor-element elementor-element-36396b98\" data-id=\"36396b98\" data-element_type=\"column\">\n\t\t\t<div class=\"elementor-widget-wrap elementor-element-populated\">\n\t\t\t\t\t\t\t\t<div class=\"elementor-element elementor-element-53e4b1b9 elementor-widget elementor-widget-text-editor\" data-id=\"53e4b1b9\" data-element_type=\"widget\" data-widget_type=\"text-editor.default\">\n\t\t\t\t<div class=\"elementor-widget-container\">\n\t\t\t<style>\/*! elementor - v3.18.0 - 20-12-2023 *\/\n.elementor-widget-text-editor.elementor-drop-cap-view-stacked .elementor-drop-cap{background-color:#69727d;color:#fff}.elementor-widget-text-editor.elementor-drop-cap-view-framed .elementor-drop-cap{color:#69727d;border:3px solid;background-color:transparent}.elementor-widget-text-editor:not(.elementor-drop-cap-view-default) .elementor-drop-cap{margin-top:8px}.elementor-widget-text-editor:not(.elementor-drop-cap-view-default) .elementor-drop-cap-letter{width:1em;height:1em}.elementor-widget-text-editor .elementor-drop-cap{float:left;text-align:center;line-height:1;font-size:50px}.elementor-widget-text-editor .elementor-drop-cap-letter{display:inline-block}<\/style>\t\t\t\t<p><!-- wp:paragraph --><\/p>\n<h4><span style=\"color: #000000;\">Triple L: Life Long Learning<\/span><\/h4>\n<p><span style=\"color: #000000;\">D\u00fcnya d\u0259yi\u015fir, h\u0259m d\u0259 \u00e7ox b\u00f6y\u00fck s\u00fcr\u0259tl\u0259. B\u0259s biz bu s\u00fcr\u0259tl\u0259 ayaqla\u015fa bilirikmi? \u0130st\u0259s\u0259k d\u0259, ist\u0259m\u0259s\u0259k d\u0259, ayaqla\u015fmal\u0131y\u0131q. Biz buna m\u0259hkumuq, \u00e7\u00fcnki d\u0259yi\u015f\u0259n d\u00fcnyan\u0131n tempin\u0259 uy\u011fun d\u0259yi\u015fm\u0259y\u0259n, yenil\u0259nm\u0259y\u0259n insan i\u015f bazar\u0131nda bir kadr kimi he\u00e7 kim\u0259 maraql\u0131 deyil. Uy\u011funla\u015fmadan u\u011fur, m\u00fcv\u0259ff\u0259qiyy\u0259t bar\u0259d\u0259 d\u00fc\u015f\u00fcnm\u0259y\u0259 bel\u0259 d\u0259ym\u0259z. <em><strong>\u018fvv\u0259lki sistem\u0259 qay\u0131d\u0131\u015f olmayacaq, bizi Triple L: Life Long Learning \u2013 \u00f6m\u00fcr boyu t\u0259hsil g\u00f6zl\u0259yir.<\/strong><\/em><\/span><br \/><span style=\"color: #000000;\">M\u00fcasir d\u00fcnyada ayaqda qalmaq \u00fc\u00e7\u00fcn insana h\u0259dsiz \u00e7ox, 100-150 \u00f6nc\u0259 ya\u015fayan insandan qat-qat \u00e7ox bilgi laz\u0131md\u0131r. \u018fvv\u0259ll\u0259r \u0259sas bilikl\u0259r klassik metodla \u2013 \u0259vv\u0259l orta, sonra ali m\u0259kt\u0259b auditoriyas\u0131 v\u0259 diplom \u2013 \u0259ld\u0259 edilirdi. Bu yolla \u0259ld\u0259 edilmi\u015f bilik insan\u0131 h\u0259yat\u0131n\u0131n sonunad\u0259k i\u015fl\u0259 t\u0259min ed\u0259 bilirdi. \u0130nsan\u0131n praktik f\u0259aliyy\u0259ti \u00fc\u00e7\u00fcn t\u0259xmin\u0259n 25 il haz\u0131rl\u0131q b\u0259s edirdi. Bu g\u00fcn is\u0259 b\u00f6y\u00fck h\u0259cmli informasiya seli il\u0259 \u00fczl\u0259\u015f\u0259n insan\u0131n 25 il \u0259rzind\u0259 bu bilgil\u0259ri tam \u0259ld\u0259 etm\u0259si m\u00fcmk\u00fcns\u00fczd\u00fcr.<\/span><br \/><span style=\"color: #000000;\">Eyni zamanda n\u0259z\u0259r\u0259 almaq laz\u0131md\u0131r ki, \u0259n konservativ sah\u0259l\u0259rd\u0259 bel\u0259 bilikl\u0259r h\u0259r alt\u0131-yeddi ild\u0259n bir yenil\u0259nir, bu bilikl\u0259r t\u0259xmin\u0259n yar\u0131s\u0131 \u00f6z aktuall\u0131\u011f\u0131n\u0131 s\u00fcr\u0259tl\u0259 itirir.<\/span><br \/><span style=\"color: #000000;\">\u201cS\u00fcr\u0259tl\u0259 d\u0259yi\u015f\u0259n d\u00fcnya\u201d , \u201c\u00f6m\u00fcr boyu t\u0259hsil\u201d haqq\u0131nda internetd\u0259n \u00e7oxsayl\u0131 m\u0259lumatlar \u0259ld\u0259 etm\u0259k olar. Amma\u00a0 d\u0259yi\u015fiklikl\u0259rin artan tempi v\u0259 onun insan\u0131n ruhi durumuna t\u0259siri \u0259n az \u00f6yr\u0259nil\u0259n sosial hadis\u0259l\u0259rd\u0259ndir. Az\u00a0 \u00f6yr\u0259nilm\u0259sin\u0259 baxmayaraq aliml\u0259r bel\u0259 q\u0259na\u0259td\u0259dirl\u0259r ki, d\u0259yi\u015fiklikl\u0259rin s\u00fcr\u0259ti bizim ruhi tarazl\u0131\u011f\u0131m\u0131z\u0131 pozur, bizim h\u0259yata bax\u0131\u015flar\u0131m\u0131z\u0131 d\u0259yi\u015fir.<\/span><br \/><span style=\"color: #000000;\">Ayaqda qalmaq v\u0259 g\u0259l\u0259c\u0259kl\u0259 k\u0259l\u0259-k\u0259ll\u0259y\u0259 g\u0259lm\u0259k \u015fokundan qa\u00e7maq \u00fc\u00e7\u00fcn insan \u00f6z daxili tarazl\u0131\u011f\u0131n\u0131 nizamlamal\u0131, d\u0259yi\u015fiklikl\u0259r\u0259 uy\u011funla\u015fma qabiliyy\u0259tini inki\u015faf etdirm\u0259li, onun uy\u011funla\u015fma bacar\u0131\u011f\u0131 ata-babalar\u0131ndan m\u00fcqayis\u0259edilm\u0259z d\u0259r\u0259c\u0259d\u0259 f\u0259rqli olmal\u0131d\u0131r.<\/span><\/p>\n<p><!-- \/wp:paragraph --><\/p>\t\t\t\t\t\t<\/div>\n\t\t\t\t<\/div>\n\t\t\t\t\t<\/div>\n\t\t<\/div>\n\t\t\t\t\t\t\t<\/div>\n\t\t<\/section>\n\t\t\t\t<section class=\"elementor-section elementor-top-section elementor-element elementor-element-155ccf5 elementor-section-boxed elementor-section-height-default elementor-section-height-default\" data-id=\"155ccf5\" data-element_type=\"section\">\n\t\t\t\t\t\t<div class=\"elementor-container elementor-column-gap-default\">\n\t\t\t\t\t<div class=\"elementor-column elementor-col-100 elementor-top-column elementor-element elementor-element-4b96f23\" data-id=\"4b96f23\" data-element_type=\"column\">\n\t\t\t<div class=\"elementor-widget-wrap elementor-element-populated\">\n\t\t\t\t\t\t\t\t<div class=\"elementor-element elementor-element-f090747 elementor-widget elementor-widget-image\" data-id=\"f090747\" data-element_type=\"widget\" data-widget_type=\"image.default\">\n\t\t\t\t<div class=\"elementor-widget-container\">\n\t\t\t<style>\/*! elementor - v3.18.0 - 20-12-2023 *\/\n.elementor-widget-image{text-align:center}.elementor-widget-image a{display:inline-block}.elementor-widget-image a img[src$=\".svg\"]{width:48px}.elementor-widget-image img{vertical-align:middle;display:inline-block}<\/style>\t\t\t\t\t\t\t\t\t\t\t\t<img fetchpriority=\"high\" width=\"604\" height=\"345\" src=\"https:\/\/camilasad.zardabi.az\/wp-content\/uploads\/2024\/01\/deyishine-insan.jpg\" class=\"attachment-large size-large wp-image-2195\" alt=\"D\u0259yi\u015f\u0259n insan yaxud \u00f6m\u00fcr boyu t\u0259hsil C\u0259mil \u018fs\u0259dov\" srcset=\"https:\/\/camilasad.zardabi.az\/wp-content\/uploads\/2024\/01\/deyishine-insan.jpg 700w, https:\/\/camilasad.zardabi.az\/wp-content\/uploads\/2024\/01\/deyishine-insan-300x171.jpg 300w\" sizes=\"(max-width: 604px) 100vw, 604px\" \/>\t\t\t\t\t\t\t\t\t\t\t\t\t\t\t<\/div>\n\t\t\t\t<\/div>\n\t\t\t\t\t<\/div>\n\t\t<\/div>\n\t\t\t\t\t\t\t<\/div>\n\t\t<\/section>\n\t\t\t\t<section class=\"elementor-section elementor-top-section elementor-element elementor-element-936de3f elementor-section-boxed elementor-section-height-default elementor-section-height-default\" data-id=\"936de3f\" data-element_type=\"section\">\n\t\t\t\t\t\t<div class=\"elementor-container elementor-column-gap-default\">\n\t\t\t\t\t<div class=\"elementor-column elementor-col-100 elementor-top-column elementor-element elementor-element-b117c70\" data-id=\"b117c70\" data-element_type=\"column\">\n\t\t\t<div class=\"elementor-widget-wrap elementor-element-populated\">\n\t\t\t\t\t\t\t\t<div class=\"elementor-element elementor-element-48481cd elementor-widget elementor-widget-text-editor\" data-id=\"48481cd\" data-element_type=\"widget\" data-widget_type=\"text-editor.default\">\n\t\t\t\t<div class=\"elementor-widget-container\">\n\t\t\t\t\t\t\t<p><!-- wp:paragraph --><\/p>\n<h4><span style=\"color: #000000;\">\u00d6m\u00fcr boyu t\u0259hsil yaxud d\u0259yi\u015f\u0259n insan<\/span><\/h4>\n<p><span style=\"color: #000000;\">Amma h\u0259r \u015feyin bir h\u0259ddi oldu\u011fu kimi, insan\u0131n d\u00f6z\u0259\u00a0 bil\u0259c\u0259yi d\u0259yi\u015fiklikl\u0259rin d\u0259, y\u0259qin ki, h\u0259ddi, s\u0259rh\u0259di var. \u0130nsan h\u0259r bir d\u0259yi\u015fikliy\u0259, h\u0259r bir uy\u011funla\u015fmaya \u00f6z fiziki v\u0259 psixoloji ehtiyatlar\u0131n\u0131n a\u015f\u0131nmas\u0131 il\u0259 cavab verir. Amma d\u0259yi\u015fiklikd\u0259n imtina etm\u0259k d\u0259 m\u00fcmk\u00fcn deyil, biz buna m\u0259hkumuq.<\/span><br \/><span style=\"color: #000000;\">Bu okeanda \u00fcz\u0259n yelk\u0259nli ki\u00e7ik g\u0259minin iri dal\u011falara qar\u015f\u0131 \u00fczm\u0259sin\u0259 b\u0259nz\u0259yir. H\u0259yat okeand\u0131r, Siz is\u0259 g\u0259mi. \u00dczm\u0259k, ir\u0259li getm\u0259k, g\u0259mini \u00e7evirm\u0259k ist\u0259y\u0259n dal\u011falar\u0131 a\u015fmaq, dal\u011faya qalib g\u0259lm\u0259lisiniz. Sonra yenid\u0259n n\u00f6vb\u0259ti dal\u011fan\u0131 qar\u015f\u0131lamal\u0131 v\u0259 yen\u0259 d\u0259 qalib g\u0259lm\u0259lisiniz. V\u0259 bu t\u0259yinat n\u00f6qt\u0259sin\u0259 \u00e7atanacan davam ed\u0259c\u0259k. \u0130nadla, c\u0259ld d\u00fc\u015f\u00fcnm\u0259 qabiliyy\u0259tinizl\u0259 v\u0259 inam\u0131n\u0131zla. Bu m\u00fcmk\u00fcnd\u00fcr, sad\u0259c\u0259 inanmaq laz\u0131md\u0131r.<\/span><\/p>\n<blockquote class=\"wp-block-quote\">\n<h6><span style=\"color: #000000;\"><b>\u0130nan\u0131n v\u0259 \u00fcz\u0259riniz\u0259 g\u0259l\u0131\u0259n d\u0259yi\u015fiklik dal\u011fas\u0131na qar\u015f\u0131 gedin. Ola bil\u0259r ki, b\u00fcdr\u0259y\u0259siniz. Qalx\u0131n v\u0259 davam edin. \u018fn vacibi, \u0259n \u0259sas\u0131, qazand\u0131\u011f\u0131n\u0131z bilikl\u0259ri m\u00fctl\u0259q h\u0259qiq\u0259t sanmay\u0131n!<\/b><\/span><\/h6>\n<\/blockquote>\n<p><!-- \/wp:quote --><!-- wp:paragraph --><\/p>\n<ul>\n<li><span style=\"color: #000000;\">Yeni bilgil\u0259r \u0259ld\u0259 edin, informasiya selind\u0259n siz\u0259 laz\u0131m olan\u0131n\u0131 se\u00e7m\u0259yi \u00f6yr\u0259nin! H\u0259yata uy\u011funla\u015fma\u011f\u0131 \u00f6yr\u0259nin! \u0130nadla davam edin. <\/span><\/li>\n<li><span style=\"color: #000000;\">H\u0259yat bu g\u00fcn bitmir \u2013 sabah ba\u015fqa g\u00fcn olacaq v\u0259 daha yax\u015f\u0131 ola bil\u0259r.<\/span><\/li>\n<li><span style=\"color: #000000;\">M\u00fcv\u0259qq\u0259ti b\u00fcdr\u0259m\u0259l\u0259r olacaq, dayanmalar, geril\u0259m\u0259l\u0259r ola bil\u0259r, buna g\u00f6r\u0259 he\u00e7 kimi g\u00fcnahland\u0131rmay\u0131n. G\u00fcnah\u0131 bir adama y\u00fckl\u0259yin, bu adam siz \u00f6z\u00fcn\u00fczs\u00fcz.<\/span><\/li>\n<li><span style=\"color: #000000;\">Pislikl\u0259ri, sizi incid\u0259nl\u0259ri unudun, bacar\u0131rs\u0131nzsa ba\u011f\u0131\u015flay\u0131n. Y\u0131\u011f\u0131lan pislikl\u0259r sizin ruhunuzu m\u0259hv edir.<\/span><\/li>\n<li><span style=\"color: #000000;\">Burax\u0131lm\u0131\u015f f\u00fcrs\u0259tl\u0259r olacaq, buna k\u0259d\u0259rl\u0259nm\u0259yin. Qar\u015f\u0131dan g\u0259l\u0259nl\u0259rd\u0259n qorxmay\u0131n. Bu \u00f6z\u00fcm\u00fcz\u0259 inam g\u00fcc\u00fcm\u00fcz\u00fc on qat art\u0131r\u0131r.<\/span><\/li>\n<li><span style=\"color: #000000;\">Sad\u0259c\u0259 davam edin, x\u0259yallar\u0131n\u0131z\u0131 h\u0259yata ke\u00e7irm\u0259y\u0259 \u00e7al\u0131\u015f\u0131n v\u0259 inan\u0131n: \u00f6z\u00fcn\u00fcz\u0259 inan\u0131n, ruhunuza inan\u0131n.<\/span><\/li>\n<li><span style=\"color: #000000;\">Unutmay\u0131n \u201cinsan h\u0259r varl\u0131qdan \u00fcst\u00fcnd\u00fcr\u201d v\u0259 v\u0259zif\u0259si \u201cbe\u015fikd\u0259n q\u0259br evin\u0259d\u0259k elm \u00f6yr\u0259nm\u0259kdir\u201d.\u00d6yr\u0259nm\u0259k he\u00e7 vaxt gec deyil. \u018fsas ilk add\u0131m\u0131 atmaqd\u0131r.<\/span><\/li>\n<li><span style=\"color: #000000;\">Ruhdan d\u00fc\u015fm\u0259yin, ba\u015f\u0131n\u0131z\u0131 dik tutun. Arzular\u0131n\u0131z\u0131 realla\u015fd\u0131r\u0131n!<\/span><\/li>\n<\/ul>\n<p><!-- \/wp:paragraph --><!-- wp:quote --><\/p>\n<blockquote class=\"wp-block-quote\">\n<h6><span style=\"color: #000000;\"><b>D\u0259yi\u015f\u0259n d\u00fcnyada d\u0259yi\u015fm\u0259yi bacar\u0131n! \u018fmin olun, siz bacaracaqs\u0131n\u0131z!<\/b><\/span><\/h6>\n<\/blockquote>\n<p><!-- \/wp:quote --><!-- wp:paragraph --><\/p>\n<h5><span style=\"color: #000000;\"><strong>\u00a0 \u00a0 \u00a0C\u0259mil \u018fs\u0259dov. <\/strong>M\u00fc\u0259llifl\u0259 <strong><a style=\"color: #000000;\" title=\"Contact Us\" href=\"https:\/\/camilasad.zardabi.az\/index.php\/contact-us\/\">\u0259laq\u0259<\/a><\/strong><\/span><\/h5>\n<p><!-- \/wp:paragraph --><\/p>\t\t\t\t\t\t<\/div>\n\t\t\t\t<\/div>\n\t\t\t\t\t<\/div>\n\t\t<\/div>\n\t\t\t\t\t\t\t<\/div>\n\t\t<\/section>\n\t\t\t\t\t\t\t<\/div>\n\t\t","protected":false},"excerpt":{"rendered":"<p>Triple L: Life Long Learning D\u00fcnya d\u0259yi\u015fir, h\u0259m d\u0259 \u00e7ox b\u00f6y\u00fck s\u00fcr\u0259tl\u0259. B\u0259s biz bu s\u00fcr\u0259tl\u0259 ayaqla\u015fa bilirikmi? \u0130st\u0259s\u0259k d\u0259, ist\u0259m\u0259s\u0259k d\u0259, ayaqla\u015fmal\u0131y\u0131q. Biz buna m\u0259hkumuq, \u00e7\u00fcnki d\u0259yi\u015f\u0259n d\u00fcnyan\u0131n tempin\u0259 uy\u011fun d\u0259yi\u015fm\u0259y\u0259n,<a class=\"moretag\" href=\"https:\/\/camilasad.zardabi.az\/index.php\/insan\/\">Read More&#8230;<\/a><\/p>\n","protected":false},"author":1,"featured_media":0,"parent":0,"menu_order":0,"comment_status":"closed","ping_status":"open","template":"","meta":{"om_disable_all_campaigns":false,"_monsterinsights_skip_tracking":false,"_monsterinsights_sitenote_active":false,"_monsterinsights_sitenote_note":"","_monsterinsights_sitenote_category":0},"aioseo_notices":[],"_links":{"self":[{"href":"https:\/\/camilasad.zardabi.az\/index.php\/wp-json\/wp\/v2\/pages\/2128"}],"collection":[{"href":"https:\/\/camilasad.zardabi.az\/index.php\/wp-json\/wp\/v2\/pages"}],"about":[{"href":"https:\/\/camilasad.zardabi.az\/index.php\/wp-json\/wp\/v2\/types\/page"}],"author":[{"embeddable":true,"href":"https:\/\/camilasad.zardabi.az\/index.php\/wp-json\/wp\/v2\/users\/1"}],"replies":[{"embeddable":true,"href":"https:\/\/camilasad.zardabi.az\/index.php\/wp-json\/wp\/v2\/comments?post=2128"}],"version-history":[{"count":14,"href":"https:\/\/camilasad.zardabi.az\/index.php\/wp-json\/wp\/v2\/pages\/2128\/revisions"}],"predecessor-version":[{"id":2199,"href":"https:\/\/camilasad.zardabi.az\/index.php\/wp-json\/wp\/v2\/pages\/2128\/revisions\/2199"}],"wp:attachment":[{"href":"https:\/\/camilasad.zardabi.az\/index.php\/wp-json\/wp\/v2\/media?parent=2128"}],"curies":[{"name":"wp","href":"https:\/\/api.w.org\/{rel}","templated":true}]}}