{"id":112,"date":"2019-01-08T10:37:55","date_gmt":"2019-01-08T10:37:55","guid":{"rendered":"http:\/\/www.wp-demos.com\/i-spirit\/personal\/?page_id=108"},"modified":"2024-01-22T18:15:43","modified_gmt":"2024-01-22T18:15:43","slug":"about","status":"publish","type":"page","link":"https:\/\/camilasad.zardabi.az\/index.php\/about\/","title":{"rendered":"About"},"content":{"rendered":"\t\t<div data-elementor-type=\"wp-post\" data-elementor-id=\"112\" class=\"elementor elementor-112\">\n\t\t\t\t\t\t\t\t\t<section class=\"elementor-section elementor-top-section elementor-element elementor-element-d846d03 elementor-section-boxed elementor-section-height-default elementor-section-height-default\" data-id=\"d846d03\" data-element_type=\"section\" data-settings=\"{&quot;background_background&quot;:&quot;gradient&quot;}\">\n\t\t\t\t\t\t<div class=\"elementor-container elementor-column-gap-default\">\n\t\t\t\t\t<div class=\"elementor-column elementor-col-100 elementor-top-column elementor-element elementor-element-ec40999\" data-id=\"ec40999\" data-element_type=\"column\">\n\t\t\t<div class=\"elementor-widget-wrap elementor-element-populated\">\n\t\t\t\t\t\t\t\t<div class=\"elementor-element elementor-element-f45855b elementor-widget elementor-widget-heading\" data-id=\"f45855b\" data-element_type=\"widget\" data-widget_type=\"heading.default\">\n\t\t\t\t<div class=\"elementor-widget-container\">\n\t\t\t<style>\/*! elementor - v3.18.0 - 20-12-2023 *\/\n.elementor-heading-title{padding:0;margin:0;line-height:1}.elementor-widget-heading .elementor-heading-title[class*=elementor-size-]>a{color:inherit;font-size:inherit;line-height:inherit}.elementor-widget-heading .elementor-heading-title.elementor-size-small{font-size:15px}.elementor-widget-heading .elementor-heading-title.elementor-size-medium{font-size:19px}.elementor-widget-heading .elementor-heading-title.elementor-size-large{font-size:29px}.elementor-widget-heading .elementor-heading-title.elementor-size-xl{font-size:39px}.elementor-widget-heading .elementor-heading-title.elementor-size-xxl{font-size:59px}<\/style><h2 class=\"elementor-heading-title elementor-size-default\">HAQQIMDA<\/h2>\t\t<\/div>\n\t\t\t\t<\/div>\n\t\t\t\t\t<\/div>\n\t\t<\/div>\n\t\t\t\t\t\t\t<\/div>\n\t\t<\/section>\n\t\t\t\t<section class=\"elementor-section elementor-top-section elementor-element elementor-element-e08e0b1 elementor-section-boxed elementor-section-height-default elementor-section-height-default\" data-id=\"e08e0b1\" data-element_type=\"section\">\n\t\t\t\t\t\t<div class=\"elementor-container elementor-column-gap-default\">\n\t\t\t\t\t<div class=\"elementor-column elementor-col-100 elementor-top-column elementor-element elementor-element-3812706\" data-id=\"3812706\" data-element_type=\"column\">\n\t\t\t<div class=\"elementor-widget-wrap elementor-element-populated\">\n\t\t\t\t\t\t\t\t<div class=\"elementor-element elementor-element-7f5f1c0 elementor-widget elementor-widget-image\" data-id=\"7f5f1c0\" data-element_type=\"widget\" data-widget_type=\"image.default\">\n\t\t\t\t<div class=\"elementor-widget-container\">\n\t\t\t<style>\/*! elementor - v3.18.0 - 20-12-2023 *\/\n.elementor-widget-image{text-align:center}.elementor-widget-image a{display:inline-block}.elementor-widget-image a img[src$=\".svg\"]{width:48px}.elementor-widget-image img{vertical-align:middle;display:inline-block}<\/style>\t\t\t\t\t\t\t\t\t\t\t\t<img fetchpriority=\"high\" width=\"431\" height=\"300\" src=\"https:\/\/camilasad.zardabi.az\/wp-content\/uploads\/2022\/08\/camilasad.jpg\" class=\"attachment-large size-large wp-image-181\" alt=\"C\u0259mil \u018fs\u0259dov \u0130nfomatika\" srcset=\"https:\/\/camilasad.zardabi.az\/wp-content\/uploads\/2022\/08\/camilasad.jpg 431w, https:\/\/camilasad.zardabi.az\/wp-content\/uploads\/2022\/08\/camilasad-300x209.jpg 300w\" sizes=\"(max-width: 431px) 100vw, 431px\" \/>\t\t\t\t\t\t\t\t\t\t\t\t\t\t\t<\/div>\n\t\t\t\t<\/div>\n\t\t\t\t\t<\/div>\n\t\t<\/div>\n\t\t\t\t\t\t\t<\/div>\n\t\t<\/section>\n\t\t\t\t<section class=\"elementor-section elementor-top-section elementor-element elementor-element-abccca8 elementor-section-boxed elementor-section-height-default elementor-section-height-default\" data-id=\"abccca8\" data-element_type=\"section\">\n\t\t\t\t\t\t<div class=\"elementor-container elementor-column-gap-default\">\n\t\t\t\t\t<div class=\"elementor-column elementor-col-100 elementor-top-column elementor-element elementor-element-22873d3\" data-id=\"22873d3\" data-element_type=\"column\">\n\t\t\t<div class=\"elementor-widget-wrap elementor-element-populated\">\n\t\t\t\t\t\t\t\t<div class=\"elementor-element elementor-element-7edab6f elementor-widget elementor-widget-text-editor\" data-id=\"7edab6f\" data-element_type=\"widget\" data-widget_type=\"text-editor.default\">\n\t\t\t\t<div class=\"elementor-widget-container\">\n\t\t\t<style>\/*! elementor - v3.18.0 - 20-12-2023 *\/\n.elementor-widget-text-editor.elementor-drop-cap-view-stacked .elementor-drop-cap{background-color:#69727d;color:#fff}.elementor-widget-text-editor.elementor-drop-cap-view-framed .elementor-drop-cap{color:#69727d;border:3px solid;background-color:transparent}.elementor-widget-text-editor:not(.elementor-drop-cap-view-default) .elementor-drop-cap{margin-top:8px}.elementor-widget-text-editor:not(.elementor-drop-cap-view-default) .elementor-drop-cap-letter{width:1em;height:1em}.elementor-widget-text-editor .elementor-drop-cap{float:left;text-align:center;line-height:1;font-size:50px}.elementor-widget-text-editor .elementor-drop-cap-letter{display:inline-block}<\/style>\t\t\t\t<p><strong><span style=\"text-decoration: underline;\">C\u0259mil \u018fs\u0259dov<\/span><\/strong><span style=\"text-decoration: underline;\"><strong> &#8211;<\/strong> <strong>y\u0259ni m\u0259n<\/strong><\/span>\u00a0 \u00f6\u015f i\u015fini \u00f6z i\u015fini m\u00fck\u0259mm\u0259l g\u00f6rm\u0259y\u0259 \u00e7al\u0131\u015fan y\u00fczl\u0259rl\u0259 insandan biriy\u0259m. 7 yanvar 1966-c\u0131 ild\u0259 Z\u0259rdab \u015f\u0259h\u0259rind\u0259 anadan olmu\u015fam.<br \/>Orta m\u0259kt\u0259bi Z\u0259rdab \u015f\u0259h\u0259rind\u0259, \u015e.Qurbanov ad\u0131na 2 sayl\u0131 orta m\u0259kt\u0259bd\u0259 oxumu\u015fam. <br \/>1988-ci ild\u0259 Xarkov Radioelektronika \u0130nstitutunu bitir\u0259r\u0259k EHM-in m\u00fch\u0259ndis-konstruktor-texnoloqu ixtisas\u0131na yiy\u0259l\u0259ndim. 2002-ci ild\u0259 is\u0259\u00a0 Az\u0259rbaycan K\u0259nd T\u0259s\u0259rr\u00fcfat\u0131 Akademiyas\u0131nda \u201cAqrar istehsal\u0131n iqtisadiyyat\u0131 v\u0259 idar\u0259 edilm\u0259si\u201d ixtisas\u0131 \u00fczr\u0259 ixtisasart\u0131rma kursunu bitirdim. Burax\u0131l\u0131\u015f i\u015fimin m\u00f6vzusu \u2013 \u201cK\u0259ndli \u2013 fermer t\u0259s\u0259rr\u00fcfat\u0131n\u0131n planla\u015fd\u0131r\u0131lmas\u0131\u201d idi.<strong><br \/><a href=\"https:\/\/camilasad.zardabi.az\/index.php\/kimdir\/\" target=\"_blank\" rel=\"noopener\">Buraya ke\u00e7id etm\u0259kl\u0259<\/a><\/strong> &#8220;S\u0259n kims\u0259n?&#8221; sual\u0131na az-\u00e7ox cavab tapa bil\u0131rsiniz.\u00a0<\/p><p>\u018fm\u0259k f\u0259aliyy\u0259tim\u0259 1988-ci ild\u0259 Bak\u0131 Elektron Hesablama zavodunun X\u00fcsusi Konstruktor B\u00fcrosunda m\u00fch\u0259ndis-konstruktor kimi ba\u015flad\u0131m. Bu il, y\u0259ni 2024-c\u00fc ild\u0259 \u0259m\u0259k f\u0259aliyy\u0259timin 36-c\u0131 ili tamam olur. Bu m\u00fcdd\u0259td\u0259 iqtisadi sektorda, \u0130T sah\u0259sind\u0259 \u00e7al\u0131m\u0131\u015f, pedoqoji f\u0259aliyy\u0259t d\u0259 g\u00f6st\u0259rmi\u015f\u0259m. Haz\u0131rda pedoqoji f\u0259aliyy\u0259tl\u0259 yana\u015f\u0131, h\u0259m d\u0259 saytlar \u00fc\u00e7\u00fcn m\u00fchasibat u\u00e7otu sah\u0259sin\u0259 aid m\u0259qal\u0259l\u0259r hazrlay\u0131ram.<br \/>\u018fm\u0259k f\u0259aliyy\u0259tim haqq\u0131nda <a href=\"https:\/\/camilasad.zardabi.az\/index.php\/faliyyet\/\" target=\"_blank\" rel=\"noopener\"><strong>buradan<\/strong> <strong>daha \u00e7ox m\u0259lumat<\/strong><\/a> almaq olar.\u00a0<\/p><p>\u018fsas f\u0259aliyy\u0259timl\u0259 yana\u015f\u0131 m\u00fcxt\u0259lif vaxtlarda m\u00fcxt\u0259lif layih\u0259l\u0259rin t\u0259\u015fkilat\u00e7\u0131s\u0131 v\u0259 i\u015ftirak\u00e7\u0131s\u0131 olmu\u015fam. Z\u0259rdab rayonunda ilk komp\u00fcter kursunun<em> t\u0259\u015fkili,\u00a0 <\/em><em>Z\u0259rdab\u0131 \u0130nternet m\u0259kanda t\u0259msil ed\u0259n ilk informasiya resursu (bu resurs h\u0259m d\u0259 <\/em><em>2009-cu ild\u0259 NETTY 2009 Az\u0259rbaycan Milli \u0130nternet M\u00fckafat\u0131n\u0131n nominant\u0131 oldu), &#8220;Komp\u00fcter operatoru<\/em><em>\u201d pe\u015f\u0259si \u00fc\u00e7\u00fcn\u00a0 qiym\u0259tl\u0259ndirm\u0259 standartlar\u0131n\u0131n haz\u0131rlanmas\u0131 (Pe\u015f\u0259 T\u0259hsili \u00fczr\u0259 D\u00f6vl\u0259t Agentliyi \u00fc\u00e7\u00fcn) &#8211; bunlar hamin layih\u0259l\u0259r\u0259 n\u00fcmun\u0259dir.<\/em><em><br \/><\/em><span style=\"color: var( --e-global-color-text ); font-family: var( --e-global-typography-text-font-family ), Sans-serif;\"><b>Kitablar:<\/b><\/span><em><em style=\"color: var( --e-global-color-text ); font-family: var( --e-global-typography-text-font-family ), Sans-serif; font-weight: var( --e-global-typography-text-font-weight );\">\u201cU\u011fura ged\u0259n yol\u201d (h\u0259mm\u00fc\u0259llif), pe\u015f\u0259 t\u0259hsili \u00fc\u00e7\u00fcn 5 ixtisas d\u0259rsliyi, \u201cQanun\u201d n\u0259\u015friyyat\u0131 \u00fc\u00e7\u00fcn t\u0259rc\u00fcm\u0259l\u0259r.<br \/><br \/><br \/><\/em><\/em><\/p>\t\t\t\t\t\t<\/div>\n\t\t\t\t<\/div>\n\t\t\t\t\t<\/div>\n\t\t<\/div>\n\t\t\t\t\t\t\t<\/div>\n\t\t<\/section>\n\t\t\t\t<section class=\"elementor-section elementor-top-section elementor-element elementor-element-5a23cd1a elementor-section-stretched elementor-section-boxed elementor-section-height-default elementor-section-height-default\" data-id=\"5a23cd1a\" data-element_type=\"section\" data-settings=\"{&quot;stretch_section&quot;:&quot;section-stretched&quot;}\">\n\t\t\t\t\t\t<div class=\"elementor-container elementor-column-gap-default\">\n\t\t\t\t\t<div class=\"elementor-column elementor-col-100 elementor-top-column elementor-element elementor-element-44cf2a1\" data-id=\"44cf2a1\" data-element_type=\"column\">\n\t\t\t<div class=\"elementor-widget-wrap\">\n\t\t\t\t\t\t\t\t\t<\/div>\n\t\t<\/div>\n\t\t\t\t\t\t\t<\/div>\n\t\t<\/section>\n\t\t\t\t<section class=\"elementor-section elementor-top-section elementor-element elementor-element-bc8c822 elementor-section-boxed elementor-section-height-default elementor-section-height-default\" data-id=\"bc8c822\" data-element_type=\"section\" data-settings=\"{&quot;background_background&quot;:&quot;classic&quot;}\">\n\t\t\t\t\t\t<div class=\"elementor-container elementor-column-gap-default\">\n\t\t\t\t\t<div class=\"elementor-column elementor-col-100 elementor-top-column elementor-element elementor-element-dfb7175\" data-id=\"dfb7175\" data-element_type=\"column\">\n\t\t\t<div class=\"elementor-widget-wrap elementor-element-populated\">\n\t\t\t\t\t\t\t\t<div class=\"elementor-element elementor-element-4ac20b1 elementor-widget elementor-widget-spacer\" data-id=\"4ac20b1\" data-element_type=\"widget\" data-widget_type=\"spacer.default\">\n\t\t\t\t<div class=\"elementor-widget-container\">\n\t\t\t<style>\/*! elementor - v3.18.0 - 20-12-2023 *\/\n.elementor-column .elementor-spacer-inner{height:var(--spacer-size)}.e-con{--container-widget-width:100%}.e-con-inner>.elementor-widget-spacer,.e-con>.elementor-widget-spacer{width:var(--container-widget-width,var(--spacer-size));--align-self:var(--container-widget-align-self,initial);--flex-shrink:0}.e-con-inner>.elementor-widget-spacer>.elementor-widget-container,.e-con>.elementor-widget-spacer>.elementor-widget-container{height:100%;width:100%}.e-con-inner>.elementor-widget-spacer>.elementor-widget-container>.elementor-spacer,.e-con>.elementor-widget-spacer>.elementor-widget-container>.elementor-spacer{height:100%}.e-con-inner>.elementor-widget-spacer>.elementor-widget-container>.elementor-spacer>.elementor-spacer-inner,.e-con>.elementor-widget-spacer>.elementor-widget-container>.elementor-spacer>.elementor-spacer-inner{height:var(--container-widget-height,var(--spacer-size))}.e-con-inner>.elementor-widget-spacer.elementor-widget-empty,.e-con>.elementor-widget-spacer.elementor-widget-empty{position:relative;min-height:22px;min-width:22px}.e-con-inner>.elementor-widget-spacer.elementor-widget-empty .elementor-widget-empty-icon,.e-con>.elementor-widget-spacer.elementor-widget-empty .elementor-widget-empty-icon{position:absolute;top:0;bottom:0;left:0;right:0;margin:auto;padding:0;width:22px;height:22px}<\/style>\t\t<div class=\"elementor-spacer\">\n\t\t\t<div class=\"elementor-spacer-inner\"><\/div>\n\t\t<\/div>\n\t\t\t\t<\/div>\n\t\t\t\t<\/div>\n\t\t\t\t<div class=\"elementor-element elementor-element-42e4f48 elementor-widget elementor-widget-heading\" data-id=\"42e4f48\" data-element_type=\"widget\" data-widget_type=\"heading.default\">\n\t\t\t\t<div class=\"elementor-widget-container\">\n\t\t\t<h2 class=\"elementor-heading-title elementor-size-default\">Jhon Deo<\/h2>\t\t<\/div>\n\t\t\t\t<\/div>\n\t\t\t\t<div class=\"elementor-element elementor-element-80d0279 elementor-widget elementor-widget-text-editor\" data-id=\"80d0279\" data-element_type=\"widget\" data-widget_type=\"text-editor.default\">\n\t\t\t\t<div class=\"elementor-widget-container\">\n\t\t\t\t\t\t\t<p>Phone: +1 916-875-2235<br \/>Email: jhondeo@jhonsweb.com<\/p>\t\t\t\t\t\t<\/div>\n\t\t\t\t<\/div>\n\t\t\t\t<div class=\"elementor-element elementor-element-fa30b0b elementor-shape-rounded elementor-grid-0 e-grid-align-center elementor-widget elementor-widget-social-icons\" data-id=\"fa30b0b\" data-element_type=\"widget\" data-widget_type=\"social-icons.default\">\n\t\t\t\t<div class=\"elementor-widget-container\">\n\t\t\t<style>\/*! elementor - v3.18.0 - 20-12-2023 *\/\n.elementor-widget-social-icons.elementor-grid-0 .elementor-widget-container,.elementor-widget-social-icons.elementor-grid-mobile-0 .elementor-widget-container,.elementor-widget-social-icons.elementor-grid-tablet-0 .elementor-widget-container{line-height:1;font-size:0}.elementor-widget-social-icons:not(.elementor-grid-0):not(.elementor-grid-tablet-0):not(.elementor-grid-mobile-0) .elementor-grid{display:inline-grid}.elementor-widget-social-icons .elementor-grid{grid-column-gap:var(--grid-column-gap,5px);grid-row-gap:var(--grid-row-gap,5px);grid-template-columns:var(--grid-template-columns);justify-content:var(--justify-content,center);justify-items:var(--justify-content,center)}.elementor-icon.elementor-social-icon{font-size:var(--icon-size,25px);line-height:var(--icon-size,25px);width:calc(var(--icon-size, 25px) + 2 * var(--icon-padding, .5em));height:calc(var(--icon-size, 25px) + 2 * var(--icon-padding, .5em))}.elementor-social-icon{--e-social-icon-icon-color:#fff;display:inline-flex;background-color:#69727d;align-items:center;justify-content:center;text-align:center;cursor:pointer}.elementor-social-icon i{color:var(--e-social-icon-icon-color)}.elementor-social-icon svg{fill:var(--e-social-icon-icon-color)}.elementor-social-icon:last-child{margin:0}.elementor-social-icon:hover{opacity:.9;color:#fff}.elementor-social-icon-android{background-color:#a4c639}.elementor-social-icon-apple{background-color:#999}.elementor-social-icon-behance{background-color:#1769ff}.elementor-social-icon-bitbucket{background-color:#205081}.elementor-social-icon-codepen{background-color:#000}.elementor-social-icon-delicious{background-color:#39f}.elementor-social-icon-deviantart{background-color:#05cc47}.elementor-social-icon-digg{background-color:#005be2}.elementor-social-icon-dribbble{background-color:#ea4c89}.elementor-social-icon-elementor{background-color:#d30c5c}.elementor-social-icon-envelope{background-color:#ea4335}.elementor-social-icon-facebook,.elementor-social-icon-facebook-f{background-color:#3b5998}.elementor-social-icon-flickr{background-color:#0063dc}.elementor-social-icon-foursquare{background-color:#2d5be3}.elementor-social-icon-free-code-camp,.elementor-social-icon-freecodecamp{background-color:#006400}.elementor-social-icon-github{background-color:#333}.elementor-social-icon-gitlab{background-color:#e24329}.elementor-social-icon-globe{background-color:#69727d}.elementor-social-icon-google-plus,.elementor-social-icon-google-plus-g{background-color:#dd4b39}.elementor-social-icon-houzz{background-color:#7ac142}.elementor-social-icon-instagram{background-color:#262626}.elementor-social-icon-jsfiddle{background-color:#487aa2}.elementor-social-icon-link{background-color:#818a91}.elementor-social-icon-linkedin,.elementor-social-icon-linkedin-in{background-color:#0077b5}.elementor-social-icon-medium{background-color:#00ab6b}.elementor-social-icon-meetup{background-color:#ec1c40}.elementor-social-icon-mixcloud{background-color:#273a4b}.elementor-social-icon-odnoklassniki{background-color:#f4731c}.elementor-social-icon-pinterest{background-color:#bd081c}.elementor-social-icon-product-hunt{background-color:#da552f}.elementor-social-icon-reddit{background-color:#ff4500}.elementor-social-icon-rss{background-color:#f26522}.elementor-social-icon-shopping-cart{background-color:#4caf50}.elementor-social-icon-skype{background-color:#00aff0}.elementor-social-icon-slideshare{background-color:#0077b5}.elementor-social-icon-snapchat{background-color:#fffc00}.elementor-social-icon-soundcloud{background-color:#f80}.elementor-social-icon-spotify{background-color:#2ebd59}.elementor-social-icon-stack-overflow{background-color:#fe7a15}.elementor-social-icon-steam{background-color:#00adee}.elementor-social-icon-stumbleupon{background-color:#eb4924}.elementor-social-icon-telegram{background-color:#2ca5e0}.elementor-social-icon-thumb-tack{background-color:#1aa1d8}.elementor-social-icon-tripadvisor{background-color:#589442}.elementor-social-icon-tumblr{background-color:#35465c}.elementor-social-icon-twitch{background-color:#6441a5}.elementor-social-icon-twitter{background-color:#1da1f2}.elementor-social-icon-viber{background-color:#665cac}.elementor-social-icon-vimeo{background-color:#1ab7ea}.elementor-social-icon-vk{background-color:#45668e}.elementor-social-icon-weibo{background-color:#dd2430}.elementor-social-icon-weixin{background-color:#31a918}.elementor-social-icon-whatsapp{background-color:#25d366}.elementor-social-icon-wordpress{background-color:#21759b}.elementor-social-icon-xing{background-color:#026466}.elementor-social-icon-yelp{background-color:#af0606}.elementor-social-icon-youtube{background-color:#cd201f}.elementor-social-icon-500px{background-color:#0099e5}.elementor-shape-rounded .elementor-icon.elementor-social-icon{border-radius:10%}.elementor-shape-circle .elementor-icon.elementor-social-icon{border-radius:50%}<\/style>\t\t<div class=\"elementor-social-icons-wrapper elementor-grid\">\n\t\t\t\t\t\t\t<span class=\"elementor-grid-item\">\n\t\t\t\t\t<a class=\"elementor-icon elementor-social-icon elementor-social-icon-facebook elementor-repeater-item-c2423a0\" href=\"http:\/\/www.facebook.com\/templatesnext\/\" target=\"_blank\">\n\t\t\t\t\t\t<span class=\"elementor-screen-only\">Facebook<\/span>\n\t\t\t\t\t\t\t\t\t\t\t\t\t<i class=\"fa fa-facebook\"><\/i>\n\t\t\t\t\t\t\t\t\t\t\t<\/a>\n\t\t\t\t<\/span>\n\t\t\t\t\t\t\t<span class=\"elementor-grid-item\">\n\t\t\t\t\t<a class=\"elementor-icon elementor-social-icon elementor-social-icon-twitter elementor-repeater-item-d0d8918\" target=\"_blank\">\n\t\t\t\t\t\t<span class=\"elementor-screen-only\">Twitter<\/span>\n\t\t\t\t\t\t\t\t\t\t\t\t\t<i class=\"fa fa-twitter\"><\/i>\n\t\t\t\t\t\t\t\t\t\t\t<\/a>\n\t\t\t\t<\/span>\n\t\t\t\t\t\t\t<span class=\"elementor-grid-item\">\n\t\t\t\t\t<a class=\"elementor-icon elementor-social-icon elementor-social-icon-google-plus elementor-repeater-item-1706f4d\" target=\"_blank\">\n\t\t\t\t\t\t<span class=\"elementor-screen-only\">Google-plus<\/span>\n\t\t\t\t\t\t\t\t\t\t\t\t\t<i class=\"fa fa-google-plus\"><\/i>\n\t\t\t\t\t\t\t\t\t\t\t<\/a>\n\t\t\t\t<\/span>\n\t\t\t\t\t\t\t<span class=\"elementor-grid-item\">\n\t\t\t\t\t<a class=\"elementor-icon elementor-social-icon elementor-social-icon-youtube elementor-repeater-item-5d13585\" target=\"_blank\">\n\t\t\t\t\t\t<span class=\"elementor-screen-only\">Youtube<\/span>\n\t\t\t\t\t\t\t\t\t\t\t\t\t<i class=\"fa fa-youtube\"><\/i>\n\t\t\t\t\t\t\t\t\t\t\t<\/a>\n\t\t\t\t<\/span>\n\t\t\t\t\t\t\t<span class=\"elementor-grid-item\">\n\t\t\t\t\t<a class=\"elementor-icon elementor-social-icon elementor-social-icon-github elementor-repeater-item-cc0f23a\" target=\"_blank\">\n\t\t\t\t\t\t<span class=\"elementor-screen-only\">Github<\/span>\n\t\t\t\t\t\t\t\t\t\t\t\t\t<i class=\"fa fa-github\"><\/i>\n\t\t\t\t\t\t\t\t\t\t\t<\/a>\n\t\t\t\t<\/span>\n\t\t\t\t\t<\/div>\n\t\t\t\t<\/div>\n\t\t\t\t<\/div>\n\t\t\t\t<div class=\"elementor-element elementor-element-c25146c elementor-widget elementor-widget-spacer\" data-id=\"c25146c\" data-element_type=\"widget\" data-widget_type=\"spacer.default\">\n\t\t\t\t<div class=\"elementor-widget-container\">\n\t\t\t\t\t<div class=\"elementor-spacer\">\n\t\t\t<div class=\"elementor-spacer-inner\"><\/div>\n\t\t<\/div>\n\t\t\t\t<\/div>\n\t\t\t\t<\/div>\n\t\t\t\t\t<\/div>\n\t\t<\/div>\n\t\t\t\t\t\t\t<\/div>\n\t\t<\/section>\n\t\t\t\t\t\t\t<\/div>\n\t\t","protected":false},"excerpt":{"rendered":"<p>HAQQIMDA C\u0259mil \u018fs\u0259dov &#8211; y\u0259ni m\u0259n\u00a0 \u00f6\u015f i\u015fini \u00f6z i\u015fini m\u00fck\u0259mm\u0259l g\u00f6rm\u0259y\u0259 \u00e7al\u0131\u015fan y\u00fczl\u0259rl\u0259 insandan biriy\u0259m. 7 yanvar 1966-c\u0131 ild\u0259 Z\u0259rdab \u015f\u0259h\u0259rind\u0259 anadan olmu\u015fam.Orta m\u0259kt\u0259bi Z\u0259rdab \u015f\u0259h\u0259rind\u0259, \u015e.Qurbanov ad\u0131na 2 sayl\u0131 orta<a class=\"moretag\" href=\"https:\/\/camilasad.zardabi.az\/index.php\/about\/\">Read More&#8230;<\/a><\/p>\n","protected":false},"author":1,"featured_media":0,"parent":0,"menu_order":0,"comment_status":"closed","ping_status":"closed","template":"page_full-width.php","meta":{"om_disable_all_campaigns":false,"_monsterinsights_skip_tracking":false,"_monsterinsights_sitenote_active":false,"_monsterinsights_sitenote_note":"","_monsterinsights_sitenote_category":0},"aioseo_notices":[],"_links":{"self":[{"href":"https:\/\/camilasad.zardabi.az\/index.php\/wp-json\/wp\/v2\/pages\/112"}],"collection":[{"href":"https:\/\/camilasad.zardabi.az\/index.php\/wp-json\/wp\/v2\/pages"}],"about":[{"href":"https:\/\/camilasad.zardabi.az\/index.php\/wp-json\/wp\/v2\/types\/page"}],"author":[{"embeddable":true,"href":"https:\/\/camilasad.zardabi.az\/index.php\/wp-json\/wp\/v2\/users\/1"}],"replies":[{"embeddable":true,"href":"https:\/\/camilasad.zardabi.az\/index.php\/wp-json\/wp\/v2\/comments?post=112"}],"version-history":[{"count":27,"href":"https:\/\/camilasad.zardabi.az\/index.php\/wp-json\/wp\/v2\/pages\/112\/revisions"}],"predecessor-version":[{"id":2240,"href":"https:\/\/camilasad.zardabi.az\/index.php\/wp-json\/wp\/v2\/pages\/112\/revisions\/2240"}],"wp:attachment":[{"href":"https:\/\/camilasad.zardabi.az\/index.php\/wp-json\/wp\/v2\/media?parent=112"}],"curies":[{"name":"wp","href":"https:\/\/api.w.org\/{rel}","templated":true}]}}